{"id":258198,"date":"2022-08-26T11:19:14","date_gmt":"2022-08-26T11:19:14","guid":{"rendered":"https:\/\/www.directsupport.nu\/?page_id=258198"},"modified":"2023-03-13T15:03:03","modified_gmt":"2023-03-13T15:03:03","slug":"kernadvies-bedrijfsscan","status":"publish","type":"page","link":"https:\/\/www.directsupport.nu\/?page_id=258198","title":{"rendered":"Kernadvies Bedrijfsscan"},"content":{"rendered":"<p>[et_pb_section fb_built=&#8221;1&#8243; _builder_version=&#8221;4.18.0&#8243; _module_preset=&#8221;default&#8221; background_image=&#8221;https:\/\/www.directsupport.nu\/wp-content\/uploads\/2022\/08\/shutterstock_80736904.jpg&#8221; parallax=&#8221;on&#8221; parallax_method=&#8221;off&#8221; locked=&#8221;off&#8221; global_colors_info=&#8221;{}&#8221;][et_pb_row _builder_version=&#8221;4.18.0&#8243; _module_preset=&#8221;default&#8221; locked=&#8221;off&#8221; global_colors_info=&#8221;{}&#8221;][et_pb_column type=&#8221;4_4&#8243; _builder_version=&#8221;4.18.0&#8243; _module_preset=&#8221;default&#8221; global_colors_info=&#8221;{}&#8221;][et_pb_text _builder_version=&#8221;4.18.0&#8243; _module_preset=&#8221;default&#8221; header_font=&#8221;Overpass||||||||&#8221; header_text_align=&#8221;center&#8221; header_text_color=&#8221;#000000&#8243; header_font_size=&#8221;60px&#8221; custom_padding=&#8221;0px||||false|false&#8221; global_colors_info=&#8221;{}&#8221;]<\/p>\n<h1><strong>DirectSupport.nu!<\/strong><\/h1>\n<p>[\/et_pb_text][\/et_pb_column][\/et_pb_row][et_pb_row column_structure=&#8221;1_5,3_5,1_5&#8243; _builder_version=&#8221;4.18.0&#8243; _module_preset=&#8221;default&#8221; width=&#8221;100%&#8221; max_width=&#8221;1374px&#8221; locked=&#8221;off&#8221; global_colors_info=&#8221;{}&#8221;][et_pb_column type=&#8221;1_5&#8243; _builder_version=&#8221;4.18.0&#8243; _module_preset=&#8221;default&#8221; background_enable_color=&#8221;off&#8221; border_radii=&#8221;on|9px|9px|9px|9px&#8221; global_colors_info=&#8221;{}&#8221;][et_pb_image src=&#8221;https:\/\/www.directsupport.nu\/wp-content\/uploads\/2023\/03\/nieuw-logo-dienstencentrum.png&#8221; title_text=&#8221;nieuw logo dienstencentrum&#8221; show_bottom_space=&#8221;off&#8221; _builder_version=&#8221;4.20.2&#8243; _module_preset=&#8221;default&#8221; hover_enabled=&#8221;0&#8243; locked=&#8221;off&#8221; global_colors_info=&#8221;{}&#8221; sticky_enabled=&#8221;0&#8243;][\/et_pb_image][\/et_pb_column][et_pb_column type=&#8221;3_5&#8243; _builder_version=&#8221;4.18.0&#8243; _module_preset=&#8221;default&#8221; background_color=&#8221;#FFFFFF&#8221; border_radii=&#8221;on|9px|9px|9px|9px&#8221; box_shadow_style=&#8221;preset1&#8243; box_shadow_horizontal=&#8221;-24px&#8221; box_shadow_vertical=&#8221;-26px&#8221; box_shadow_blur=&#8221;48px&#8221; box_shadow_spread=&#8221;15px&#8221; global_colors_info=&#8221;{}&#8221;][et_pb_text _builder_version=&#8221;4.18.0&#8243; _module_preset=&#8221;default&#8221; text_font=&#8221;Overpass|300|||||||&#8221; text_font_size=&#8221;15px&#8221; text_line_height=&#8221;1.5em&#8221; header_font_size=&#8221;28px&#8221; header_2_font_size=&#8221;53px&#8221; header_3_font=&#8221;Overpass||||||||&#8221; header_3_font_size=&#8221;23px&#8221; custom_margin=&#8221;30px|18px|30px|18px|false|false&#8221; global_colors_info=&#8221;{}&#8221;]<\/p>\n<h1>Kernadvies Bedrijfsscan<\/h1>\n<p>Op verzoek van vooral kleinere bedrijven heeft het Dienstencentrum een kernadvies versie (en dus goedkopere versie) van de bedrijfsdoorlichting ontwikkeld. Ook deze ondernemers en managers lopen tegen het gegeven aan van \u201cbedrijfsblindheid\u201d. Men heeft een hele tijd geleden de organisatie ingericht. En wanneer stelt men zich de vragen: waarom doen we het eigenlijk zo? Kan het anders en effici\u00ebnter en goedkoper? Vreemde ogen kijken dan op een onafhankelijke wijze naar het bedrijf.<\/p>\n<h3>De aanpak van het Dienstencentrum<\/h3>\n<p>Hoe wordt Kernadvies Bedrijfsscan uitgevoerd? Een van de bedrijfsadviseurs van het Dienstencentrum neemt tijdens een bedrijfsbezoek van een halve dag een gestructureerde vragenlijst met u door. Ook wordt uw bedrijfsvoering bekeken. De vragen zijn zo ingedeeld dat een snel inzicht wordt gekregen in de verschillende aspecten van de bedrijfsvoering zoals:\u00a0 commercie, productie en innovatie in uw bedrijf.<\/p>\n<p>Op basis van onze ervaringen bepalen wij op welke punten u het beter of slechter doet in vergelijking de norm die is gebaseerd op onze ervaringen met andere bedrijven. Daarmee wordt de basis voor een concreet plan met actiepunten gelegd. Dit plan krijgt na het bedrijfsbezoek toegestuurd.<\/p>\n<p>Op basis van dit plan kunt u zelf aan de slag met het doorvoeren van verbeteringen in de organisatie om de effectiviteit en effici\u00ebcy te verhogen. Indien u verdere hulp bij de invoering wilt kunt u onze werkboeken gebruiken of extra hulp van \u00e9\u00e9n van onze adviseurs inschakelen. De Kernadvies Bedijfsscan is vooral geschikt voor de bedrijven met 15 of minder werkzame personen.<\/p>\n<h3>Meer informatie?<\/h3>\n<p>Bel ons voor het krijgen van meer informatie. In een kort gesprek geven wij u vrijblijvend de juiste informatie. Bel voor een afspraak: 020 5435557 of mail naar<span>\u00a0<\/span><a href=\"mailto:info@dienstencentrum.com\">info@dienstencentrum.com<\/a>\u00a0om meer informatie te vragen.<\/p>\n<p>De leveringsvoorwaarden vindt u<span>\u00a0<\/span><a href=\"https:\/\/www.dienstencentrum.com\/leveringsvoorwaarden.html\" target=\"_blank\" rel=\"noopener\">hier<\/a>.<\/p>\n<p>[\/et_pb_text][\/et_pb_column][et_pb_column type=&#8221;1_5&#8243; _builder_version=&#8221;4.18.0&#8243; _module_preset=&#8221;default&#8221; background_enable_color=&#8221;off&#8221; border_radii=&#8221;on|9px|9px|9px|9px&#8221; global_colors_info=&#8221;{}&#8221;][et_pb_image src=&#8221;https:\/\/www.directsupport.nu\/wp-content\/uploads\/2022\/08\/Peter-Tegel2-150&#215;150.jpg&#8221; title_text=&#8221;Reportage dienstencentrum Schiphol-Rijk<br \/>\nFoto ; Pim Ras&#8221; show_bottom_space=&#8221;off&#8221; _builder_version=&#8221;4.18.0&#8243; _module_preset=&#8221;default&#8221; global_colors_info=&#8221;{}&#8221;][\/et_pb_image][et_pb_image src=&#8221;https:\/\/www.directsupport.nu\/wp-content\/uploads\/2022\/08\/Jonkoek2-150&#215;150.jpg&#8221; title_text=&#8221;Jonkoek2&#8243; show_bottom_space=&#8221;off&#8221; _builder_version=&#8221;4.18.0&#8243; _module_preset=&#8221;default&#8221; global_colors_info=&#8221;{}&#8221;][\/et_pb_image][\/et_pb_column][\/et_pb_row][\/et_pb_section]<\/p>\n","protected":false},"excerpt":{"rendered":"<p>DirectSupport.nu!Kernadvies Bedrijfsscan Op verzoek van vooral kleinere bedrijven heeft het Dienstencentrum een kernadvies versie (en dus goedkopere versie) van de bedrijfsdoorlichting ontwikkeld. Ook deze ondernemers en managers lopen tegen het gegeven aan van \u201cbedrijfsblindheid\u201d. Men heeft een hele tijd geleden de organisatie ingericht. En wanneer stelt men zich de vragen: waarom doen we het eigenlijk [&hellip;]<\/p>\n","protected":false},"author":1,"featured_media":0,"parent":258191,"menu_order":0,"comment_status":"closed","ping_status":"closed","template":"","meta":{"_et_pb_use_builder":"on","_et_pb_old_content":"","_et_gb_content_width":"","footnotes":""},"class_list":["post-258198","page","type-page","status-publish","hentry"],"_links":{"self":[{"href":"https:\/\/www.directsupport.nu\/index.php?rest_route=\/wp\/v2\/pages\/258198","targetHints":{"allow":["GET"]}}],"collection":[{"href":"https:\/\/www.directsupport.nu\/index.php?rest_route=\/wp\/v2\/pages"}],"about":[{"href":"https:\/\/www.directsupport.nu\/index.php?rest_route=\/wp\/v2\/types\/page"}],"author":[{"embeddable":true,"href":"https:\/\/www.directsupport.nu\/index.php?rest_route=\/wp\/v2\/users\/1"}],"replies":[{"embeddable":true,"href":"https:\/\/www.directsupport.nu\/index.php?rest_route=%2Fwp%2Fv2%2Fcomments&post=258198"}],"version-history":[{"count":7,"href":"https:\/\/www.directsupport.nu\/index.php?rest_route=\/wp\/v2\/pages\/258198\/revisions"}],"predecessor-version":[{"id":278158,"href":"https:\/\/www.directsupport.nu\/index.php?rest_route=\/wp\/v2\/pages\/258198\/revisions\/278158"}],"up":[{"embeddable":true,"href":"https:\/\/www.directsupport.nu\/index.php?rest_route=\/wp\/v2\/pages\/258191"}],"wp:attachment":[{"href":"https:\/\/www.directsupport.nu\/index.php?rest_route=%2Fwp%2Fv2%2Fmedia&parent=258198"}],"curies":[{"name":"wp","href":"https:\/\/api.w.org\/{rel}","templated":true}]}}